{"id":155,"date":"2021-11-16T11:14:50","date_gmt":"2021-11-16T11:14:50","guid":{"rendered":"https:\/\/coppola.qodeinteractive.com\/?page_id=155"},"modified":"2024-01-11T22:34:02","modified_gmt":"2024-01-11T22:34:02","slug":"wonder_who","status":"publish","type":"page","link":"https:\/\/www.wondermaria.com\/pt\/wonder_who\/","title":{"rendered":"WONDER"},"content":{"rendered":"<div data-elementor-type=\"wp-page\" data-elementor-id=\"155\" class=\"elementor elementor-155\">\n\t\t\t\t<div class=\"elementor-element elementor-element-c1a4e54 e-con-full e-flex e-con e-parent\" data-id=\"c1a4e54\" data-element_type=\"container\">\n\t\t<div class=\"elementor-element elementor-element-6db7cfe e-con-full e-flex e-con e-child\" data-id=\"6db7cfe\" data-element_type=\"container\">\n\t\t<div class=\"elementor-element elementor-element-1cd6c04 e-flex e-con-boxed e-con e-child\" data-id=\"1cd6c04\" data-element_type=\"container\">\n\t\t\t\t\t<div class=\"e-con-inner\">\n\t\t\t\t<div class=\"elementor-element elementor-element-5289e91 elementor-widget elementor-widget-coppola_core_section_title\" data-id=\"5289e91\" data-element_type=\"widget\" data-widget_type=\"coppola_core_section_title.default\">\n\t\t\t\t<div class=\"elementor-widget-container\">\n\t\t\t<div class=\"qodef-shortcode qodef-m  qodef-section-title qodef-alignment--left\">\n\t\t\t<h4 class=\"qodef-m-title\" >\n\t\t\t\t\tA Wonder Maria Filmes \u00e9 uma nova produtora sediada onde o c\u00e9u \u00e9 sempre mais azul: Lisboa. Apesar disso, os nossos parceiros est\u00e3o espalhados pelo mundo. \t\t\t<\/h4>\n\t\t<\/div>\n\t\t<\/div>\n\t\t\t\t<\/div>\n\t\t\t\t\t<\/div>\n\t\t\t\t<\/div>\n\t\t\t\t<\/div>\n\t\t<div class=\"elementor-element elementor-element-aeeae40 e-con-full e-flex e-con e-child\" data-id=\"aeeae40\" data-element_type=\"container\">\n\t\t\t\t<div class=\"elementor-element elementor-element-f9b5baf elementor-widget elementor-widget-text-editor\" data-id=\"f9b5baf\" data-element_type=\"widget\" data-widget_type=\"text-editor.default\">\n\t\t\t\t<div class=\"elementor-widget-container\">\n\t\t\t<style>\/*! elementor - v3.21.0 - 15-04-2024 *\/\n.elementor-widget-text-editor.elementor-drop-cap-view-stacked .elementor-drop-cap{background-color:#69727d;color:#fff}.elementor-widget-text-editor.elementor-drop-cap-view-framed .elementor-drop-cap{color:#69727d;border:3px solid;background-color:transparent}.elementor-widget-text-editor:not(.elementor-drop-cap-view-default) .elementor-drop-cap{margin-top:8px}.elementor-widget-text-editor:not(.elementor-drop-cap-view-default) .elementor-drop-cap-letter{width:1em;height:1em}.elementor-widget-text-editor .elementor-drop-cap{float:left;text-align:center;line-height:1;font-size:50px}.elementor-widget-text-editor .elementor-drop-cap-letter{display:inline-block}<\/style>\t\t\t\t<p>Somos uma produtora boutique, um lugar de acolhimento e produ\u00e7\u00e3o de criatividade em formato de filmes. Fundada por quatro amigos de longa data, criamos a nossa sinergia por meio da diversidade das nossas experi\u00eancias. Acreditamos no acompanhamento de perto de cada um dos nossos projetos, na escuta dos envolvidos, na autoria e nos objetivos de cada um. O nosso foco s\u00e3o as pessoas que est\u00e3o por tr\u00e1s das ideias e tamb\u00e9m aquelas que trabalham para concretiz\u00e1-las. Gostamos de projetos arrojados, visualmente impactantes e que empreendam uma vis\u00e3o singular e potente, contribuindo para um mundo que acreditamos.<\/p>\t\t\t\t\t\t<\/div>\n\t\t\t\t<\/div>\n\t\t\t\t<\/div>\n\t\t\t\t<\/div>\n\t\t<div class=\"elementor-element elementor-element-717d0a6 e-con-full e-flex e-con e-parent\" data-id=\"717d0a6\" data-element_type=\"container\">\n\t\t<div class=\"elementor-element elementor-element-67af628 e-con-full e-flex e-con e-child\" data-id=\"67af628\" data-element_type=\"container\" data-settings=\"{&quot;background_background&quot;:&quot;classic&quot;}\">\n\t\t\t\t<\/div>\n\t\t<div class=\"elementor-element elementor-element-49592a8 e-con-full e-flex e-con e-child\" data-id=\"49592a8\" data-element_type=\"container\">\n\t\t<div class=\"elementor-element elementor-element-ce1b48f e-flex e-con-boxed e-con e-child\" data-id=\"ce1b48f\" data-element_type=\"container\">\n\t\t\t\t\t<div class=\"e-con-inner\">\n\t\t<div class=\"elementor-element elementor-element-426fd40 e-con-full e-flex e-con e-child\" data-id=\"426fd40\" data-element_type=\"container\">\n\t\t\t\t<div class=\"elementor-element elementor-element-64ecadd elementor-widget elementor-widget-image\" data-id=\"64ecadd\" data-element_type=\"widget\" data-widget_type=\"image.default\">\n\t\t\t\t<div class=\"elementor-widget-container\">\n\t\t\t<style>\/*! elementor - v3.21.0 - 15-04-2024 *\/\n.elementor-widget-image{text-align:center}.elementor-widget-image a{display:inline-block}.elementor-widget-image a img[src$=\".svg\"]{width:48px}.elementor-widget-image img{vertical-align:middle;display:inline-block}<\/style>\t\t\t\t\t\t\t\t\t\t<img fetchpriority=\"high\" decoding=\"async\" width=\"400\" height=\"550\" src=\"https:\/\/www.wondermaria.com\/wp-content\/uploads\/2024\/01\/ANDREIA-NUNES.png\" class=\"attachment-large size-large wp-image-9685\" alt=\"\" srcset=\"https:\/\/www.wondermaria.com\/wp-content\/uploads\/2024\/01\/ANDREIA-NUNES.png 400w, https:\/\/www.wondermaria.com\/wp-content\/uploads\/2024\/01\/ANDREIA-NUNES-218x300.png 218w, https:\/\/www.wondermaria.com\/wp-content\/uploads\/2024\/01\/ANDREIA-NUNES-9x12.png 9w\" sizes=\"(max-width: 400px) 100vw, 400px\" \/>\t\t\t\t\t\t\t\t\t\t\t\t\t<\/div>\n\t\t\t\t<\/div>\n\t\t\t\t<\/div>\n\t\t<div class=\"elementor-element elementor-element-9a9d437 e-con-full e-flex e-con e-child\" data-id=\"9a9d437\" data-element_type=\"container\">\n\t\t<div class=\"elementor-element elementor-element-81f74af e-flex e-con-boxed e-con e-child\" data-id=\"81f74af\" data-element_type=\"container\">\n\t\t\t\t\t<div class=\"e-con-inner\">\n\t\t\t\t<div class=\"elementor-element elementor-element-aa19db6 elementor-widget elementor-widget-coppola_core_section_title\" data-id=\"aa19db6\" data-element_type=\"widget\" data-widget_type=\"coppola_core_section_title.default\">\n\t\t\t\t<div class=\"elementor-widget-container\">\n\t\t\t<div class=\"qodef-shortcode qodef-m  qodef-section-title qodef-alignment--left\">\n\t\t<p class=\"qodef-m-subtitle\" >ANDREIA NUNES<\/p>\n\t\t\t<\/div>\n\t\t<\/div>\n\t\t\t\t<\/div>\n\t\t\t\t\t<\/div>\n\t\t\t\t<\/div>\n\t\t<div class=\"elementor-element elementor-element-a47fab1 e-flex e-con-boxed e-con e-child\" data-id=\"a47fab1\" data-element_type=\"container\">\n\t\t\t\t\t<div class=\"e-con-inner\">\n\t\t\t\t<div class=\"elementor-element elementor-element-a81b325 elementor-widget elementor-widget-coppola_core_accordion\" data-id=\"a81b325\" data-element_type=\"widget\" data-widget_type=\"coppola_core_accordion.default\">\n\t\t\t\t<div class=\"elementor-widget-container\">\n\t\t\t<div class=\"qodef-shortcode qodef-m  qodef-accordion clear qodef-behavior--toggle qodef-layout--simple\">\n\t<h3 class=\"qodef-accordion-title\">\n\t<span class=\"qodef-tab-title\"><\/span>\n\t<span class=\"qodef-accordion-mark\">\n\t<\/span>\n<\/h3>\n<div class=\"qodef-accordion-content\">\n\t<div class=\"qodef-accordion-content-inner\">\n\t\t<p>Andreia Nunes tem 3 filhos e ainda est\u00e1 em busca de um hobby! Entretanto \u00e9 produtora de cinema e professora. Graduada em Cinema e Arte dos Media pela Universidade Lus\u00f3fona, continuou a sua forma\u00e7\u00e3o com os cursos de Film Financing in an Entrepreneurial Age com Paul Miller, Film Financing in an Entrepreneurial Age com Gareth Wiley e Sustainable Management of Audiovisual Production com D\u00f6rte Schneider. \u00c9 uma das selecionadas para o EAVE Producers Workshop 2024.<\/p><p>\u00a0<\/p><p>Enquanto respons\u00e1vel pelo departamento de fic\u00e7\u00e3o da Take it Easy Filmes por mais de uma d\u00e9cada, Andreia produziu projetos como \"Odisseia\" (2013) de Tiago Guedes e a aclamada curta-metragem \"Um Caro\u00e7o de Abacate\" (2022), realizada por Ary Zara, que est\u00e1 na lista dos pr\u00e9-indicados para a 96\u00ba dos \u00d3scars.<\/p><p>\u00a0<\/p><p>Na Wonder Maria Filmes, ela produz principalmente projetos de fic\u00e7\u00e3o numa continua busca por talentos com hist\u00f3rias aut\u00eanticas e inspiradoras. Andreia \u00e9 professora de produ\u00e7\u00e3o na Universidade Lus\u00f3fona e membro da FilmEU - Alian\u00e7a Europeia de Universidades.<br \/>Andreia is a production professor at Universidade Lus\u00f3fona and a member of FilmEU - European Alliance of Universities.<\/p>\t<\/div>\n<\/div>\n<\/div>\n\t\t<\/div>\n\t\t\t\t<\/div>\n\t\t\t\t\t<\/div>\n\t\t\t\t<\/div>\n\t\t\t\t<\/div>\n\t\t\t\t\t<\/div>\n\t\t\t\t<\/div>\n\t\t<div class=\"elementor-element elementor-element-3e3f944 e-flex e-con-boxed e-con e-child\" data-id=\"3e3f944\" data-element_type=\"container\">\n\t\t\t\t\t<div class=\"e-con-inner\">\n\t\t<div class=\"elementor-element elementor-element-f9643fe e-con-full e-flex e-con e-child\" data-id=\"f9643fe\" data-element_type=\"container\">\n\t\t\t\t<div class=\"elementor-element elementor-element-e5c2264 elementor-widget elementor-widget-image\" data-id=\"e5c2264\" data-element_type=\"widget\" data-widget_type=\"image.default\">\n\t\t\t\t<div class=\"elementor-widget-container\">\n\t\t\t\t\t\t\t\t\t\t\t\t\t<img decoding=\"async\" width=\"400\" height=\"550\" src=\"https:\/\/www.wondermaria.com\/wp-content\/uploads\/2024\/01\/BRUNO-MORAES-CABRAL.png\" class=\"attachment-large size-large wp-image-9686\" alt=\"\" srcset=\"https:\/\/www.wondermaria.com\/wp-content\/uploads\/2024\/01\/BRUNO-MORAES-CABRAL.png 400w, https:\/\/www.wondermaria.com\/wp-content\/uploads\/2024\/01\/BRUNO-MORAES-CABRAL-218x300.png 218w, https:\/\/www.wondermaria.com\/wp-content\/uploads\/2024\/01\/BRUNO-MORAES-CABRAL-9x12.png 9w\" sizes=\"(max-width: 400px) 100vw, 400px\" \/>\t\t\t\t\t\t\t\t\t\t\t\t\t<\/div>\n\t\t\t\t<\/div>\n\t\t\t\t<\/div>\n\t\t<div class=\"elementor-element elementor-element-9195111 e-con-full e-flex e-con e-child\" data-id=\"9195111\" data-element_type=\"container\">\n\t\t<div class=\"elementor-element elementor-element-8863d3f e-flex e-con-boxed e-con e-child\" data-id=\"8863d3f\" data-element_type=\"container\">\n\t\t\t\t\t<div class=\"e-con-inner\">\n\t\t\t\t<div class=\"elementor-element elementor-element-6d0922e elementor-widget elementor-widget-coppola_core_section_title\" data-id=\"6d0922e\" data-element_type=\"widget\" data-widget_type=\"coppola_core_section_title.default\">\n\t\t\t\t<div class=\"elementor-widget-container\">\n\t\t\t<div class=\"qodef-shortcode qodef-m  qodef-section-title qodef-alignment--left\">\n\t\t<p class=\"qodef-m-subtitle\" >BRUNO MORAES CABRAL<\/p>\n\t\t\t<\/div>\n\t\t<\/div>\n\t\t\t\t<\/div>\n\t\t\t\t\t<\/div>\n\t\t\t\t<\/div>\n\t\t<div class=\"elementor-element elementor-element-dba9fa7 e-flex e-con-boxed e-con e-child\" data-id=\"dba9fa7\" data-element_type=\"container\">\n\t\t\t\t\t<div class=\"e-con-inner\">\n\t\t\t\t<div class=\"elementor-element elementor-element-7d24c93 elementor-widget elementor-widget-coppola_core_accordion\" data-id=\"7d24c93\" data-element_type=\"widget\" data-widget_type=\"coppola_core_accordion.default\">\n\t\t\t\t<div class=\"elementor-widget-container\">\n\t\t\t<div class=\"qodef-shortcode qodef-m  qodef-accordion clear qodef-behavior--toggle qodef-layout--simple\">\n\t<h3 class=\"qodef-accordion-title\">\n\t<span class=\"qodef-tab-title\"><\/span>\n\t<span class=\"qodef-accordion-mark\">\n\t<\/span>\n<\/h3>\n<div class=\"qodef-accordion-content\">\n\t<div class=\"qodef-accordion-content-inner\">\n\t\t<p>Bruno Moraes Cabral, nascido em 1980, \u00e9 produtor e realizador de filmes. Dedicou os seus primeiros anos de carreira ao document\u00e1rio, procurando colocar quest\u00f5es importantes sobre a Hist\u00f3ria, a sociedade contempor\u00e2nea e as suas muta\u00e7\u00f5es. Fundou em 2011 a Garden Films, onde produziu e realizou o seu premiado document\u00e1rio Praxis, com difus\u00e3o em v\u00e1rias dezenas de festivais, RTP1 e Canal+, as s\u00e9ries para a RTP Hist\u00f3ria a Hist\u00f3ria e Hist\u00f3ria a Hist\u00f3ria - \u00c1frica, e o document\u00e1rio Hasta que Muera el Sol de Claudio Carbone, que circulou em mais de 40 festivais internacionais. <br \/><br \/>Bruno colabora tamb\u00e9m regularmente na concep\u00e7\u00e3o de document\u00e1rios e instala\u00e7\u00f5es audiovisuais para museus e exposi\u00e7\u00f5es. Na Wonder Maria, passa a desenvolver projectos de fic\u00e7\u00e3o e de document\u00e1rio de \u00e2mbito internacional, com foco especial no Brasil e em \u00c1frica. Produziu a curta-metragem Big Bang Henda, de Fernanda Polacow, a longa-metragem As Fado Bicha de Justine Lemahieu, e v\u00e1rios document\u00e1rios para a RTP.<\/p>\t<\/div>\n<\/div>\n<\/div>\n\t\t<\/div>\n\t\t\t\t<\/div>\n\t\t\t\t\t<\/div>\n\t\t\t\t<\/div>\n\t\t\t\t<\/div>\n\t\t\t\t\t<\/div>\n\t\t\t\t<\/div>\n\t\t<div class=\"elementor-element elementor-element-557296d e-flex e-con-boxed e-con e-child\" data-id=\"557296d\" data-element_type=\"container\">\n\t\t\t\t\t<div class=\"e-con-inner\">\n\t\t<div class=\"elementor-element elementor-element-24318b0 e-con-full e-flex e-con e-child\" data-id=\"24318b0\" data-element_type=\"container\">\n\t\t\t\t<div class=\"elementor-element elementor-element-b318b78 elementor-widget elementor-widget-image\" data-id=\"b318b78\" data-element_type=\"widget\" data-widget_type=\"image.default\">\n\t\t\t\t<div class=\"elementor-widget-container\">\n\t\t\t\t\t\t\t\t\t\t\t\t\t<img decoding=\"async\" width=\"400\" height=\"550\" src=\"https:\/\/www.wondermaria.com\/wp-content\/uploads\/2024\/01\/FERNANDA-POLACOW.png\" class=\"attachment-large size-large wp-image-9687\" alt=\"\" srcset=\"https:\/\/www.wondermaria.com\/wp-content\/uploads\/2024\/01\/FERNANDA-POLACOW.png 400w, https:\/\/www.wondermaria.com\/wp-content\/uploads\/2024\/01\/FERNANDA-POLACOW-218x300.png 218w, https:\/\/www.wondermaria.com\/wp-content\/uploads\/2024\/01\/FERNANDA-POLACOW-9x12.png 9w\" sizes=\"(max-width: 400px) 100vw, 400px\" \/>\t\t\t\t\t\t\t\t\t\t\t\t\t<\/div>\n\t\t\t\t<\/div>\n\t\t\t\t<\/div>\n\t\t<div class=\"elementor-element elementor-element-98043ba e-con-full e-flex e-con e-child\" data-id=\"98043ba\" data-element_type=\"container\">\n\t\t<div class=\"elementor-element elementor-element-2fecccd e-flex e-con-boxed e-con e-child\" data-id=\"2fecccd\" data-element_type=\"container\">\n\t\t\t\t\t<div class=\"e-con-inner\">\n\t\t\t\t<div class=\"elementor-element elementor-element-fa15566 elementor-widget elementor-widget-coppola_core_section_title\" data-id=\"fa15566\" data-element_type=\"widget\" data-widget_type=\"coppola_core_section_title.default\">\n\t\t\t\t<div class=\"elementor-widget-container\">\n\t\t\t<div class=\"qodef-shortcode qodef-m  qodef-section-title qodef-alignment--left\">\n\t\t<p class=\"qodef-m-subtitle\" >FERNANDA POLACOW<\/p>\n\t\t\t<\/div>\n\t\t<\/div>\n\t\t\t\t<\/div>\n\t\t\t\t\t<\/div>\n\t\t\t\t<\/div>\n\t\t<div class=\"elementor-element elementor-element-8b54f81 e-flex e-con-boxed e-con e-child\" data-id=\"8b54f81\" data-element_type=\"container\">\n\t\t\t\t\t<div class=\"e-con-inner\">\n\t\t\t\t<div class=\"elementor-element elementor-element-990907c elementor-widget elementor-widget-coppola_core_accordion\" data-id=\"990907c\" data-element_type=\"widget\" data-widget_type=\"coppola_core_accordion.default\">\n\t\t\t\t<div class=\"elementor-widget-container\">\n\t\t\t<div class=\"qodef-shortcode qodef-m  qodef-accordion clear qodef-behavior--toggle qodef-layout--simple\">\n\t<h3 class=\"qodef-accordion-title\">\n\t<span class=\"qodef-tab-title\"><\/span>\n\t<span class=\"qodef-accordion-mark\">\n\t<\/span>\n<\/h3>\n<div class=\"qodef-accordion-content\">\n\t<div class=\"qodef-accordion-content-inner\">\n\t\t<p>Fernanda \u00e9 uma guionista, realizadora e consultora de gui\u00e3o brasileira. Seu \u00faltimo filme, Big Bang Henda, um curta metragem h\u00edbrido, teve a sua estreia no Doc Lisboa 2023. Seu primeiro longa metragem como guionista, Mosquito, foi o filme de abertura do Festival Internacional de Cinema de Roterd\u00e3o (2020) e ganhou o Pr\u00eamio da Cr\u00edtica na Mostra Internacional de S\u00e3o Paulo (2020), al\u00e9m de percorrer dezenas de festivais.<\/p><p>\u00a0<\/p><p>O seu segundo longa, O \u00daltimo Ver\u00e3o, est\u00e1 em finaliza\u00e7\u00e3o ap\u00f3s ser selecionado para o Script Station na Berlinale 2023. Desenvolve, escreve e realiza para TV, streaming e cinema, e alguns de seus trabalhos receberam pr\u00eamios e indica\u00e7\u00f5es na Academia Brasileira de Cinema, New York TV&amp;Film Festival, Hollywood Woman\u2019s FF, entre outros. Foi chefe de sala de gui\u00e3o do podcast Nen\u00ea da Brasil\u00e2ndia, um original Radio Novelo para a Amazon Music, e tamb\u00e9m da sala de gui\u00e3o do projeto Os 23 para a plataforma Kwai, que atingiu mais de 100M de views.<\/p><p>\u00a0<\/p><p>Escreveu o longa-metragem documental Ziraldo, era uma vez um menino, que teve estreia na Mostra de S\u00e3o Paulo e no Festival do Rio. Foi guionista de s\u00e9ries para a HBO, GNT, TV Cultura, Globoplay, NatGeo, Discovery Channel, Al Jazeera, NHK (Jap\u00e3o), etc. Escreveu e foi realizadora assistente do curta P\u00e1ssaros na Boca (2015), que ganhou o Pr\u00eamio Est\u00edmulo da Prefeitura de S\u00e3o Paulo para melhor gui\u00e3o, e percorreu festivais como Festival Internacional de Curtas Metragens de S\u00e3o Paulo, Festival Guarnic\u00ea de Cinema em S\u00e3o Lu\u00eds, Festival Internacional de Cine de Huesca, Festival Internacional de Cine em Guadalajara, Boston Short Film Festival, Curta Bras\u00edlia, entre outros. Como consultora de gui\u00e3o, trabalhou para o Cab\u00edria Festival, Projeto Paradiso, PLOT, Pitch Me! (Netflix e Academia Portuguesa de Cinema) e como mentora do IndieLab, o workshop de desenvolvimento de projetos do Festival IndieLisboa. Fez parte do Torino Scrip Lab 2023 como Story Editor e da rede de talentos do Projeto Paradiso. \u00c9 cofundadora da MUTIM (associa\u00e7\u00e3o de mulheres trabalhadoras das imagens em movimento), m\u00e3e e percussionista amadora.<\/p>\t<\/div>\n<\/div>\n<\/div>\n\t\t<\/div>\n\t\t\t\t<\/div>\n\t\t\t\t\t<\/div>\n\t\t\t\t<\/div>\n\t\t\t\t<\/div>\n\t\t\t\t\t<\/div>\n\t\t\t\t<\/div>\n\t\t<div class=\"elementor-element elementor-element-dafb3d3 e-flex e-con-boxed e-con e-child\" data-id=\"dafb3d3\" data-element_type=\"container\">\n\t\t\t\t\t<div class=\"e-con-inner\">\n\t\t<div class=\"elementor-element elementor-element-0df4b39 e-con-full e-flex e-con e-child\" data-id=\"0df4b39\" data-element_type=\"container\">\n\t\t\t\t<div class=\"elementor-element elementor-element-f0ab024 elementor-widget elementor-widget-image\" data-id=\"f0ab024\" data-element_type=\"widget\" data-widget_type=\"image.default\">\n\t\t\t\t<div class=\"elementor-widget-container\">\n\t\t\t\t\t\t\t\t\t\t\t\t\t<img loading=\"lazy\" decoding=\"async\" width=\"400\" height=\"550\" src=\"https:\/\/www.wondermaria.com\/wp-content\/uploads\/2024\/01\/JOAO-NUNO-PINTO.png\" class=\"attachment-large size-large wp-image-9684\" alt=\"\" srcset=\"https:\/\/www.wondermaria.com\/wp-content\/uploads\/2024\/01\/JOAO-NUNO-PINTO.png 400w, https:\/\/www.wondermaria.com\/wp-content\/uploads\/2024\/01\/JOAO-NUNO-PINTO-218x300.png 218w, https:\/\/www.wondermaria.com\/wp-content\/uploads\/2024\/01\/JOAO-NUNO-PINTO-9x12.png 9w\" sizes=\"(max-width: 400px) 100vw, 400px\" \/>\t\t\t\t\t\t\t\t\t\t\t\t\t<\/div>\n\t\t\t\t<\/div>\n\t\t\t\t<\/div>\n\t\t<div class=\"elementor-element elementor-element-118e35d e-con-full e-flex e-con e-child\" data-id=\"118e35d\" data-element_type=\"container\">\n\t\t<div class=\"elementor-element elementor-element-c7e19c4 e-flex e-con-boxed e-con e-child\" data-id=\"c7e19c4\" data-element_type=\"container\">\n\t\t\t\t\t<div class=\"e-con-inner\">\n\t\t\t\t<div class=\"elementor-element elementor-element-f2fb344 elementor-widget elementor-widget-coppola_core_section_title\" data-id=\"f2fb344\" data-element_type=\"widget\" data-widget_type=\"coppola_core_section_title.default\">\n\t\t\t\t<div class=\"elementor-widget-container\">\n\t\t\t<div class=\"qodef-shortcode qodef-m  qodef-section-title qodef-alignment--left\">\n\t\t<p class=\"qodef-m-subtitle\" >JO\u00c3O NUNO PINTO<\/p>\n\t\t\t<\/div>\n\t\t<\/div>\n\t\t\t\t<\/div>\n\t\t\t\t\t<\/div>\n\t\t\t\t<\/div>\n\t\t<div class=\"elementor-element elementor-element-488ed4f e-flex e-con-boxed e-con e-child\" data-id=\"488ed4f\" data-element_type=\"container\">\n\t\t\t\t\t<div class=\"e-con-inner\">\n\t\t<div class=\"elementor-element elementor-element-5a78312 e-flex e-con-boxed e-con e-child\" data-id=\"5a78312\" data-element_type=\"container\">\n\t\t\t\t\t<div class=\"e-con-inner\">\n\t\t\t\t<div class=\"elementor-element elementor-element-9a53b6b elementor-widget elementor-widget-coppola_core_accordion\" data-id=\"9a53b6b\" data-element_type=\"widget\" data-widget_type=\"coppola_core_accordion.default\">\n\t\t\t\t<div class=\"elementor-widget-container\">\n\t\t\t<div class=\"qodef-shortcode qodef-m  qodef-accordion clear qodef-behavior--toggle qodef-layout--simple\">\n\t<h3 class=\"qodef-accordion-title\">\n\t<span class=\"qodef-tab-title\"><\/span>\n\t<span class=\"qodef-accordion-mark\">\n\t<\/span>\n<\/h3>\n<div class=\"qodef-accordion-content\">\n\t<div class=\"qodef-accordion-content-inner\">\n\t\t<p>Jo\u00e3o Nuno Pinto \u00e9 um realizador de cinema nascido em Mo\u00e7ambique que viveu em Portugal e no Brazil, antes de se estabelecer em Lisboa. Formou-se em Artes Gr\u00e1ficas e iniciou a sua carreira em design e dire\u00e7\u00e3o de arte antes de atravessar o Atl\u00e2ntico para estudar cinema na New York Film Academy e Dire\u00e7\u00e3o de Atores na Judith Weston\u00b4s Studio em Los Angeles. Enquanto realizador de fic\u00e7\u00e3o, \u00e9 reconhecido pela sua apurada capacidade narrativa com foco nas personagens e sensibilidade cinematogr\u00e1fica.<br \/><br \/>O seu \u00faltimo filme, MOSQUITO, um drama passado em Mo\u00e7ambique durante a Primeira Grande Guerra, \u00e9 baseado na hist\u00f3ria do seu av\u00f4 e foi filme de abertura do Festival de Roterd\u00e3o em 2020. Ganhou tamb\u00e9m, no mesmo ano, o pr\u00e9mio da Cr\u00edtica para melhor filme internacional da Mostra de S\u00e3o Paulo. O filme ganhou tamb\u00e9m 6 pr\u00e9mios Sophia entre 13 nomea\u00e7\u00f5es.<br \/><br \/>AM\u00c9RICA, a sua primeira longa metragem, estreou no Festival do Rio em 2010, e foi agraciado com os pr\u00e9mios de Melhor Realiza\u00e7\u00e3o no Festival de Sofia e Melhor Fotografia no Indie Lisboa, entre outros pr\u00e9mios. Fez recentemente a sua estreia na televis\u00e3o com a s\u00e9rie CAUSA PR\u00d3PRIA, para a RTP1 e HBO Portugal e Espanha, e ganhou o pr\u00e9mio Sophia para Melhor S\u00e9rie Nacional.<br \/><br \/>O \u00daLTIMO VER\u00c3O \u00e9 a sua terceira longa metragem. \u00c9 produzido pela Wonder Maria Filmes, produtora da qual \u00e9 s\u00f3cio fundador.<\/p><p><a href=\"http:\/\/www.joaonunopinto.com\">Joaonuno.com<\/a><\/p>\t<\/div>\n<\/div>\n<\/div>\n\t\t<\/div>\n\t\t\t\t<\/div>\n\t\t\t\t\t<\/div>\n\t\t\t\t<\/div>\n\t\t\t\t\t<\/div>\n\t\t\t\t<\/div>\n\t\t\t\t<\/div>\n\t\t\t\t\t<\/div>\n\t\t\t\t<\/div>\n\t\t\t\t<\/div>\n\t\t\t\t<\/div>\n\t\t<div class=\"elementor-element elementor-element-de1a4c4 e-con-full e-flex e-con e-parent\" data-id=\"de1a4c4\" data-element_type=\"container\" data-settings=\"{&quot;background_background&quot;:&quot;classic&quot;}\">\n\t\t\t\t<\/div>\n\t\t\t\t<\/div>","protected":false},"excerpt":{"rendered":"<p>Wonder Maria Films is a new production company based where the sky is always bluer: Lisbon. However, our partners are scattered around the world. We are a boutique production company, a place of nurturing and producing creativity in the form of films. Founded by four longtime friends, we create our synergy through the diversity of [&hellip;]<\/p>","protected":false},"author":1,"featured_media":0,"parent":0,"menu_order":0,"comment_status":"closed","ping_status":"closed","template":"page-full-width.php","meta":{"_themeisle_gutenberg_block_has_review":false,"footnotes":""},"class_list":["post-155","page","type-page","status-publish","hentry"],"_links":{"self":[{"href":"https:\/\/www.wondermaria.com\/pt\/wp-json\/wp\/v2\/pages\/155","targetHints":{"allow":["GET"]}}],"collection":[{"href":"https:\/\/www.wondermaria.com\/pt\/wp-json\/wp\/v2\/pages"}],"about":[{"href":"https:\/\/www.wondermaria.com\/pt\/wp-json\/wp\/v2\/types\/page"}],"author":[{"embeddable":true,"href":"https:\/\/www.wondermaria.com\/pt\/wp-json\/wp\/v2\/users\/1"}],"replies":[{"embeddable":true,"href":"https:\/\/www.wondermaria.com\/pt\/wp-json\/wp\/v2\/comments?post=155"}],"version-history":[{"count":11,"href":"https:\/\/www.wondermaria.com\/pt\/wp-json\/wp\/v2\/pages\/155\/revisions"}],"predecessor-version":[{"id":9990,"href":"https:\/\/www.wondermaria.com\/pt\/wp-json\/wp\/v2\/pages\/155\/revisions\/9990"}],"wp:attachment":[{"href":"https:\/\/www.wondermaria.com\/pt\/wp-json\/wp\/v2\/media?parent=155"}],"curies":[{"name":"wp","href":"https:\/\/api.w.org\/{rel}","templated":true}]}}